{"id":2,"date":"2024-10-30T11:46:24","date_gmt":"2024-10-30T11:46:24","guid":{"rendered":"http:\/\/helptel.pl\/?page_id=2"},"modified":"2024-10-30T21:34:16","modified_gmt":"2024-10-30T20:34:16","slug":"sample-page","status":"publish","type":"page","link":"https:\/\/helptel.pl\/","title":{"rendered":"HelpTel &#8211; Pomagamy pomaga\u0107"},"content":{"rendered":"\t\t<div data-elementor-type=\"wp-page\" data-elementor-id=\"2\" class=\"elementor elementor-2\" data-elementor-post-type=\"page\">\n\t\t\t\t<div class=\"elementor-element elementor-element-b4ffc67 e-flex e-con-boxed wpr-particle-no wpr-jarallax-no wpr-parallax-no wpr-sticky-section-no e-con e-parent\" data-id=\"b4ffc67\" data-element_type=\"container\" data-settings=\"{&quot;_ha_eqh_enable&quot;:false}\">\n\t\t\t\t\t<div class=\"e-con-inner\">\n\t\t\t\t<div class=\"elementor-element elementor-element-950ec72 elementor-widget elementor-widget-image\" data-id=\"950ec72\" data-element_type=\"widget\" data-widget_type=\"image.default\">\n\t\t\t\t<div class=\"elementor-widget-container\">\n\t\t\t\t\t\t\t\t\t\t\t\t\t<img fetchpriority=\"high\" decoding=\"async\" width=\"800\" height=\"484\" src=\"https:\/\/helptel.pl\/wp-content\/uploads\/2024\/10\/istockphoto-1795108914-1024x1024-1.jpg\" class=\"attachment-large size-large wp-image-54\" alt=\"\" srcset=\"https:\/\/helptel.pl\/wp-content\/uploads\/2024\/10\/istockphoto-1795108914-1024x1024-1.jpg 1024w, https:\/\/helptel.pl\/wp-content\/uploads\/2024\/10\/istockphoto-1795108914-1024x1024-1-300x182.jpg 300w, https:\/\/helptel.pl\/wp-content\/uploads\/2024\/10\/istockphoto-1795108914-1024x1024-1-768x465.jpg 768w\" sizes=\"(max-width: 800px) 100vw, 800px\" \/>\t\t\t\t\t\t\t\t\t\t\t\t\t<\/div>\n\t\t\t\t<\/div>\n\t\t\t\t\t<\/div>\n\t\t\t\t<\/div>\n\t\t<div class=\"elementor-element elementor-element-383e30e e-flex e-con-boxed wpr-particle-no wpr-jarallax-no wpr-parallax-no wpr-sticky-section-no e-con e-parent\" data-id=\"383e30e\" data-element_type=\"container\" data-settings=\"{&quot;_ha_eqh_enable&quot;:false}\">\n\t\t\t\t\t<div class=\"e-con-inner\">\n\t\t<div class=\"elementor-element elementor-element-6267c81 e-con-full e-flex wpr-particle-no wpr-jarallax-no wpr-parallax-no wpr-sticky-section-no e-con e-child\" data-id=\"6267c81\" data-element_type=\"container\" data-settings=\"{&quot;_ha_eqh_enable&quot;:false}\">\n\t\t\t\t<div class=\"elementor-element elementor-element-7a15657 elementor-widget elementor-widget-menu-anchor\" data-id=\"7a15657\" data-element_type=\"widget\" data-widget_type=\"menu-anchor.default\">\n\t\t\t\t<div class=\"elementor-widget-container\">\n\t\t\t\t\t<div class=\"elementor-menu-anchor\" id=\"o-nas\"><\/div>\n\t\t\t\t<\/div>\n\t\t\t\t<\/div>\n\t\t\t\t<div class=\"elementor-element elementor-element-e36f6eb elementor-widget elementor-widget-heading\" data-id=\"e36f6eb\" data-element_type=\"widget\" data-widget_type=\"heading.default\">\n\t\t\t\t<div class=\"elementor-widget-container\">\n\t\t\t<h2 class=\"elementor-heading-title elementor-size-default\">O nas<\/h2>\t\t<\/div>\n\t\t\t\t<\/div>\n\t\t\t\t<\/div>\n\t\t<div class=\"elementor-element elementor-element-a589d25 e-con-full e-flex wpr-particle-no wpr-jarallax-no wpr-parallax-no wpr-sticky-section-no e-con e-child\" data-id=\"a589d25\" data-element_type=\"container\" data-settings=\"{&quot;_ha_eqh_enable&quot;:false}\">\n\t\t\t\t<div class=\"elementor-element elementor-element-cc18b36 elementor-widget elementor-widget-image\" data-id=\"cc18b36\" data-element_type=\"widget\" data-widget_type=\"image.default\">\n\t\t\t\t<div class=\"elementor-widget-container\">\n\t\t\t\t\t\t\t\t\t\t\t\t\t<img decoding=\"async\" width=\"2048\" height=\"1366\" src=\"https:\/\/helptel.pl\/wp-content\/uploads\/2024\/10\/istockphoto-1498170916-2048x2048-1.webp\" class=\"attachment-full size-full wp-image-63\" alt=\"\" srcset=\"https:\/\/helptel.pl\/wp-content\/uploads\/2024\/10\/istockphoto-1498170916-2048x2048-1.webp 2048w, https:\/\/helptel.pl\/wp-content\/uploads\/2024\/10\/istockphoto-1498170916-2048x2048-1-300x200.webp 300w, https:\/\/helptel.pl\/wp-content\/uploads\/2024\/10\/istockphoto-1498170916-2048x2048-1-1024x683.webp 1024w, https:\/\/helptel.pl\/wp-content\/uploads\/2024\/10\/istockphoto-1498170916-2048x2048-1-768x512.webp 768w, https:\/\/helptel.pl\/wp-content\/uploads\/2024\/10\/istockphoto-1498170916-2048x2048-1-1536x1025.webp 1536w\" sizes=\"(max-width: 2048px) 100vw, 2048px\" \/>\t\t\t\t\t\t\t\t\t\t\t\t\t<\/div>\n\t\t\t\t<\/div>\n\t\t\t\t<\/div>\n\t\t\t\t\t<\/div>\n\t\t\t\t<\/div>\n\t\t\t\t<\/div>\n\t\t","protected":false},"excerpt":{"rendered":"<p>O nas<\/p>\n","protected":false},"author":1,"featured_media":0,"parent":0,"menu_order":0,"comment_status":"closed","ping_status":"open","template":"","meta":{"footnotes":""},"class_list":["post-2","page","type-page","status-publish","hentry"],"yoast_head":"<!-- This site is optimized with the Yoast SEO plugin v23.7 - https:\/\/yoast.com\/wordpress\/plugins\/seo\/ -->\n<title>HelpTel - Pomagamy pomaga\u0107 - HelpTel<\/title>\n<meta name=\"robots\" content=\"index, follow, max-snippet:-1, max-image-preview:large, max-video-preview:-1\" \/>\n<link rel=\"canonical\" href=\"https:\/\/helptel.pl\/\" \/>\n<meta property=\"og:locale\" content=\"pl_PL\" \/>\n<meta property=\"og:type\" content=\"article\" \/>\n<meta property=\"og:title\" content=\"HelpTel - Pomagamy pomaga\u0107 - HelpTel\" \/>\n<meta property=\"og:description\" content=\"O nas\" \/>\n<meta property=\"og:url\" content=\"https:\/\/helptel.pl\/\" \/>\n<meta property=\"og:site_name\" content=\"HelpTel\" \/>\n<meta property=\"article:modified_time\" content=\"2024-10-30T20:34:16+00:00\" \/>\n<meta property=\"og:image\" content=\"https:\/\/helptel.pl\/wp-content\/uploads\/2024\/10\/istockphoto-1795108914-1024x1024-1.jpg\" \/>\n\t<meta property=\"og:image:width\" content=\"1024\" \/>\n\t<meta property=\"og:image:height\" content=\"620\" \/>\n\t<meta property=\"og:image:type\" content=\"image\/jpeg\" \/>\n<meta name=\"twitter:card\" content=\"summary_large_image\" \/>\n<meta name=\"twitter:label1\" content=\"Szacowany czas czytania\" \/>\n\t<meta name=\"twitter:data1\" content=\"1 minuta\" \/>\n<script type=\"application\/ld+json\" class=\"yoast-schema-graph\">{\"@context\":\"https:\/\/schema.org\",\"@graph\":[{\"@type\":\"WebPage\",\"@id\":\"https:\/\/helptel.pl\/\",\"url\":\"https:\/\/helptel.pl\/\",\"name\":\"HelpTel - Pomagamy pomaga\u0107 - HelpTel\",\"isPartOf\":{\"@id\":\"https:\/\/helptel.pl\/#website\"},\"primaryImageOfPage\":{\"@id\":\"https:\/\/helptel.pl\/#primaryimage\"},\"image\":{\"@id\":\"https:\/\/helptel.pl\/#primaryimage\"},\"thumbnailUrl\":\"https:\/\/helptel.pl\/wp-content\/uploads\/2024\/10\/istockphoto-1795108914-1024x1024-1.jpg\",\"datePublished\":\"2024-10-30T11:46:24+00:00\",\"dateModified\":\"2024-10-30T20:34:16+00:00\",\"breadcrumb\":{\"@id\":\"https:\/\/helptel.pl\/#breadcrumb\"},\"inLanguage\":\"pl-PL\",\"potentialAction\":[{\"@type\":\"ReadAction\",\"target\":[\"https:\/\/helptel.pl\/\"]}]},{\"@type\":\"ImageObject\",\"inLanguage\":\"pl-PL\",\"@id\":\"https:\/\/helptel.pl\/#primaryimage\",\"url\":\"https:\/\/helptel.pl\/wp-content\/uploads\/2024\/10\/istockphoto-1795108914-1024x1024-1.jpg\",\"contentUrl\":\"https:\/\/helptel.pl\/wp-content\/uploads\/2024\/10\/istockphoto-1795108914-1024x1024-1.jpg\",\"width\":1024,\"height\":620,\"caption\":\"Crowd, hands and heart sign with group of people, community and friends with emoji for care, freedom and health outdoor. Fans, concert and support of men and women on solidarity for charity thank you\"},{\"@type\":\"BreadcrumbList\",\"@id\":\"https:\/\/helptel.pl\/#breadcrumb\",\"itemListElement\":[{\"@type\":\"ListItem\",\"position\":1,\"name\":\"Strona g\u0142\u00f3wna\",\"item\":\"https:\/\/helptel.pl\/\"},{\"@type\":\"ListItem\",\"position\":2,\"name\":\"HelpTel &#8211; Pomagamy pomaga\u0107\"}]},{\"@type\":\"WebSite\",\"@id\":\"https:\/\/helptel.pl\/#website\",\"url\":\"https:\/\/helptel.pl\/\",\"name\":\"HelpTel\",\"description\":\"Operator kom\u00f3rkowy, kt\u00f3ry pomaga pomaga\u0107\",\"publisher\":{\"@id\":\"https:\/\/helptel.pl\/#organization\"},\"potentialAction\":[{\"@type\":\"SearchAction\",\"target\":{\"@type\":\"EntryPoint\",\"urlTemplate\":\"https:\/\/helptel.pl\/?s={search_term_string}\"},\"query-input\":{\"@type\":\"PropertyValueSpecification\",\"valueRequired\":true,\"valueName\":\"search_term_string\"}}],\"inLanguage\":\"pl-PL\"},{\"@type\":\"Organization\",\"@id\":\"https:\/\/helptel.pl\/#organization\",\"name\":\"HelpTel\",\"url\":\"https:\/\/helptel.pl\/\",\"logo\":{\"@type\":\"ImageObject\",\"inLanguage\":\"pl-PL\",\"@id\":\"https:\/\/helptel.pl\/#\/schema\/logo\/image\/\",\"url\":\"https:\/\/helptel.pl\/wp-content\/uploads\/2024\/10\/1logo-kolor1.png\",\"contentUrl\":\"https:\/\/helptel.pl\/wp-content\/uploads\/2024\/10\/1logo-kolor1.png\",\"width\":1657,\"height\":673,\"caption\":\"HelpTel\"},\"image\":{\"@id\":\"https:\/\/helptel.pl\/#\/schema\/logo\/image\/\"}}]}<\/script>\n<!-- \/ Yoast SEO plugin. -->","yoast_head_json":{"title":"HelpTel - Pomagamy pomaga\u0107 - HelpTel","robots":{"index":"index","follow":"follow","max-snippet":"max-snippet:-1","max-image-preview":"max-image-preview:large","max-video-preview":"max-video-preview:-1"},"canonical":"https:\/\/helptel.pl\/","og_locale":"pl_PL","og_type":"article","og_title":"HelpTel - Pomagamy pomaga\u0107 - HelpTel","og_description":"O nas","og_url":"https:\/\/helptel.pl\/","og_site_name":"HelpTel","article_modified_time":"2024-10-30T20:34:16+00:00","og_image":[{"width":1024,"height":620,"url":"https:\/\/helptel.pl\/wp-content\/uploads\/2024\/10\/istockphoto-1795108914-1024x1024-1.jpg","type":"image\/jpeg"}],"twitter_card":"summary_large_image","twitter_misc":{"Szacowany czas czytania":"1 minuta"},"schema":{"@context":"https:\/\/schema.org","@graph":[{"@type":"WebPage","@id":"https:\/\/helptel.pl\/","url":"https:\/\/helptel.pl\/","name":"HelpTel - Pomagamy pomaga\u0107 - HelpTel","isPartOf":{"@id":"https:\/\/helptel.pl\/#website"},"primaryImageOfPage":{"@id":"https:\/\/helptel.pl\/#primaryimage"},"image":{"@id":"https:\/\/helptel.pl\/#primaryimage"},"thumbnailUrl":"https:\/\/helptel.pl\/wp-content\/uploads\/2024\/10\/istockphoto-1795108914-1024x1024-1.jpg","datePublished":"2024-10-30T11:46:24+00:00","dateModified":"2024-10-30T20:34:16+00:00","breadcrumb":{"@id":"https:\/\/helptel.pl\/#breadcrumb"},"inLanguage":"pl-PL","potentialAction":[{"@type":"ReadAction","target":["https:\/\/helptel.pl\/"]}]},{"@type":"ImageObject","inLanguage":"pl-PL","@id":"https:\/\/helptel.pl\/#primaryimage","url":"https:\/\/helptel.pl\/wp-content\/uploads\/2024\/10\/istockphoto-1795108914-1024x1024-1.jpg","contentUrl":"https:\/\/helptel.pl\/wp-content\/uploads\/2024\/10\/istockphoto-1795108914-1024x1024-1.jpg","width":1024,"height":620,"caption":"Crowd, hands and heart sign with group of people, community and friends with emoji for care, freedom and health outdoor. Fans, concert and support of men and women on solidarity for charity thank you"},{"@type":"BreadcrumbList","@id":"https:\/\/helptel.pl\/#breadcrumb","itemListElement":[{"@type":"ListItem","position":1,"name":"Strona g\u0142\u00f3wna","item":"https:\/\/helptel.pl\/"},{"@type":"ListItem","position":2,"name":"HelpTel &#8211; Pomagamy pomaga\u0107"}]},{"@type":"WebSite","@id":"https:\/\/helptel.pl\/#website","url":"https:\/\/helptel.pl\/","name":"HelpTel","description":"Operator kom\u00f3rkowy, kt\u00f3ry pomaga pomaga\u0107","publisher":{"@id":"https:\/\/helptel.pl\/#organization"},"potentialAction":[{"@type":"SearchAction","target":{"@type":"EntryPoint","urlTemplate":"https:\/\/helptel.pl\/?s={search_term_string}"},"query-input":{"@type":"PropertyValueSpecification","valueRequired":true,"valueName":"search_term_string"}}],"inLanguage":"pl-PL"},{"@type":"Organization","@id":"https:\/\/helptel.pl\/#organization","name":"HelpTel","url":"https:\/\/helptel.pl\/","logo":{"@type":"ImageObject","inLanguage":"pl-PL","@id":"https:\/\/helptel.pl\/#\/schema\/logo\/image\/","url":"https:\/\/helptel.pl\/wp-content\/uploads\/2024\/10\/1logo-kolor1.png","contentUrl":"https:\/\/helptel.pl\/wp-content\/uploads\/2024\/10\/1logo-kolor1.png","width":1657,"height":673,"caption":"HelpTel"},"image":{"@id":"https:\/\/helptel.pl\/#\/schema\/logo\/image\/"}}]}},"_links":{"self":[{"href":"https:\/\/helptel.pl\/index.php?rest_route=\/wp\/v2\/pages\/2","targetHints":{"allow":["GET"]}}],"collection":[{"href":"https:\/\/helptel.pl\/index.php?rest_route=\/wp\/v2\/pages"}],"about":[{"href":"https:\/\/helptel.pl\/index.php?rest_route=\/wp\/v2\/types\/page"}],"author":[{"embeddable":true,"href":"https:\/\/helptel.pl\/index.php?rest_route=\/wp\/v2\/users\/1"}],"replies":[{"embeddable":true,"href":"https:\/\/helptel.pl\/index.php?rest_route=%2Fwp%2Fv2%2Fcomments&post=2"}],"version-history":[{"count":7,"href":"https:\/\/helptel.pl\/index.php?rest_route=\/wp\/v2\/pages\/2\/revisions"}],"predecessor-version":[{"id":66,"href":"https:\/\/helptel.pl\/index.php?rest_route=\/wp\/v2\/pages\/2\/revisions\/66"}],"wp:attachment":[{"href":"https:\/\/helptel.pl\/index.php?rest_route=%2Fwp%2Fv2%2Fmedia&parent=2"}],"curies":[{"name":"wp","href":"https:\/\/api.w.org\/{rel}","templated":true}]}}